{"id":43,"date":"2021-04-22T21:20:21","date_gmt":"2021-04-22T19:20:21","guid":{"rendered":"https:\/\/annalogue.de\/shop\/?post_type=product&#038;p=43"},"modified":"2021-04-24T13:05:05","modified_gmt":"2021-04-24T11:05:05","slug":"fine-art-print-2","status":"publish","type":"product","link":"https:\/\/annalogue.de\/shop\/shop\/fine-art-print\/fine-art-print-2\/","title":{"rendered":"Fine Art Print #2"},"content":{"rendered":"<p>Fine Art Print auf Hahnem\u00fchle Fine Art Baryta<\/p>\n<p>Format: A3 (297 x 420 mm)<\/p>\n<p>Die hier gezeigten Bilder werden von mir pers\u00f6nlich auf hochwertigem Hahnem\u00fchle Fine Art Baryta Papier gedruckt und auf der R\u00fcckseite signiert. Die Editionen sind auf 50 St\u00fcck limitiert, je Bild und Format. Zu jedem Print gibt es ein unterschriebenes Herkunftszertifikat mit Entstehungsjahr, Datum des Drucks, Papiersorte, Auflage und Ort der Aufnahme.<\/p>\n<p>(inklusive Versandkosten Inland und 19% USt., ohne Rahmen und Passepartout)<\/p>\n<p>Hinweis zur Lieferzeit:<br \/>\nDen Abzug fertige ich nach Bestellung von Hand, dies kann 4-5 Werktage in Anspruch nehmen. <\/p>\n","protected":false},"excerpt":{"rendered":"<p>Fine Art Print auf Hahnem\u00fchle Fine Art Baryta Format: A3 (297 x 420 mm) Die hier gezeigten Bilder werden von mir pers\u00f6nlich auf hochwertigem Hahnem\u00fchle Fine Art Baryta Papier gedruckt und auf der R\u00fcckseite signiert. Die Editionen sind auf 50 St\u00fcck limitiert, je Bild und Format. Zu jedem Print gibt es ein unterschriebenes Herkunftszertifikat mit&hellip;<\/p>\n","protected":false},"featured_media":44,"template":"","meta":[],"product_brand":[],"product_cat":[16],"product_tag":[17],"class_list":{"0":"post-43","1":"product","2":"type-product","3":"status-publish","4":"has-post-thumbnail","6":"product_cat-fine-art-print","7":"product_tag-schwarz-weiss","9":"first","10":"instock","11":"taxable","12":"shipping-taxable","13":"purchasable","14":"product-type-simple"},"_links":{"self":[{"href":"https:\/\/annalogue.de\/shop\/wp-json\/wp\/v2\/product\/43","targetHints":{"allow":["GET"]}}],"collection":[{"href":"https:\/\/annalogue.de\/shop\/wp-json\/wp\/v2\/product"}],"about":[{"href":"https:\/\/annalogue.de\/shop\/wp-json\/wp\/v2\/types\/product"}],"wp:featuredmedia":[{"embeddable":true,"href":"https:\/\/annalogue.de\/shop\/wp-json\/wp\/v2\/media\/44"}],"wp:attachment":[{"href":"https:\/\/annalogue.de\/shop\/wp-json\/wp\/v2\/media?parent=43"}],"wp:term":[{"taxonomy":"product_brand","embeddable":true,"href":"https:\/\/annalogue.de\/shop\/wp-json\/wp\/v2\/product_brand?post=43"},{"taxonomy":"product_cat","embeddable":true,"href":"https:\/\/annalogue.de\/shop\/wp-json\/wp\/v2\/product_cat?post=43"},{"taxonomy":"product_tag","embeddable":true,"href":"https:\/\/annalogue.de\/shop\/wp-json\/wp\/v2\/product_tag?post=43"}],"curies":[{"name":"wp","href":"https:\/\/api.w.org\/{rel}","templated":true}]}}