{"id":2457,"date":"2021-04-23T18:48:14","date_gmt":"2021-04-23T16:48:14","guid":{"rendered":"https:\/\/annalogue.de\/shop\/?post_type=product&#038;p=2457"},"modified":"2021-04-27T18:27:47","modified_gmt":"2021-04-27T16:27:47","slug":"repro-print-polaroid-transfer-5","status":"publish","type":"product","link":"https:\/\/annalogue.de\/shop\/shop\/fine-art-print\/repro-print-polaroid-transfer-5\/","title":{"rendered":"Repro-Print: Polaroid Transfer #5"},"content":{"rendered":"<p>Bildma\u00df 10 x 10 cm<br \/>\ninkl. Passepartout wei\u00df: 20 x 20 cm aus 2,6mm starkem s\u00e4urefreiem Konser\u00acvierungskarton<\/p>\n<p>Die hier gezeigten Bilder werden von mir pers\u00f6nlich auf hochwertigem Hahnem\u00fchle Fine Art Baryta Papier gedruckt und auf der R\u00fcckseite signiert. Die Editionen sind auf 50 St\u00fcck limitiert, je Bild und Format. Zu jedem Print gibt es ein unterschriebenes Herkunftszertifikat mit Entstehungsjahr, Datum des Drucks, Papiersorte, Auflage und Ort der Aufnahme.<\/p>\n<p>(inklusive Versandkosten Inland und 19% USt., ohne Rahmen, mit Passepartout)<\/p>\n<p>Hinweis zur Lieferzeit:<br \/>\nDen Abzug fertige ich nach Bestellung von Hand, dies kann 4-5 Werktage in Anspruch nehmen. <\/p>\n","protected":false},"excerpt":{"rendered":"<p>Bildma\u00df 10 x 10 cm inkl. Passepartout wei\u00df: 20 x 20 cm aus 2,6mm starkem s\u00e4urefreiem Konser\u00acvierungskarton Die hier gezeigten Bilder werden von mir pers\u00f6nlich auf hochwertigem Hahnem\u00fchle Fine Art Baryta Papier gedruckt und auf der R\u00fcckseite signiert. Die Editionen sind auf 50 St\u00fcck limitiert, je Bild und Format. Zu jedem Print gibt es ein&hellip;<\/p>\n","protected":false},"featured_media":2458,"template":"","meta":[],"product_brand":[],"product_cat":[16],"product_tag":[37],"class_list":{"0":"post-2457","1":"product","2":"type-product","3":"status-publish","4":"has-post-thumbnail","6":"product_cat-fine-art-print","7":"product_tag-pola-repro","9":"first","10":"instock","11":"taxable","12":"shipping-taxable","13":"purchasable","14":"product-type-simple"},"_links":{"self":[{"href":"https:\/\/annalogue.de\/shop\/wp-json\/wp\/v2\/product\/2457","targetHints":{"allow":["GET"]}}],"collection":[{"href":"https:\/\/annalogue.de\/shop\/wp-json\/wp\/v2\/product"}],"about":[{"href":"https:\/\/annalogue.de\/shop\/wp-json\/wp\/v2\/types\/product"}],"wp:featuredmedia":[{"embeddable":true,"href":"https:\/\/annalogue.de\/shop\/wp-json\/wp\/v2\/media\/2458"}],"wp:attachment":[{"href":"https:\/\/annalogue.de\/shop\/wp-json\/wp\/v2\/media?parent=2457"}],"wp:term":[{"taxonomy":"product_brand","embeddable":true,"href":"https:\/\/annalogue.de\/shop\/wp-json\/wp\/v2\/product_brand?post=2457"},{"taxonomy":"product_cat","embeddable":true,"href":"https:\/\/annalogue.de\/shop\/wp-json\/wp\/v2\/product_cat?post=2457"},{"taxonomy":"product_tag","embeddable":true,"href":"https:\/\/annalogue.de\/shop\/wp-json\/wp\/v2\/product_tag?post=2457"}],"curies":[{"name":"wp","href":"https:\/\/api.w.org\/{rel}","templated":true}]}}