{"id":50,"date":"2021-04-22T22:01:46","date_gmt":"2021-04-22T20:01:46","guid":{"rendered":"https:\/\/annalogue.de\/shop\/?page_id=50"},"modified":"2021-04-22T22:01:46","modified_gmt":"2021-04-22T20:01:46","slug":"agb","status":"publish","type":"page","link":"https:\/\/annalogue.de\/shop\/agb\/","title":{"rendered":"AGB"},"content":{"rendered":"\n<p><strong>\u00a71 Geltungsbereich<\/strong><\/p>\n\n\n\n<p>Die nachstehenden Gesch\u00e4ftsbedingungen gelten f\u00fcr alle Vertr\u00e4ge, die ich&nbsp;mit Verbrauchern im Rahmen meines&nbsp;elektronischen Bestelldienstes schlie\u00dfen. Verbraucher ist, wer den Vertrag zu einem Zweck abschlie\u00dft, der nicht seiner gewerblichen T\u00e4tigkeit zugerechnet werden kann.<\/p>\n\n\n\n<p><strong>\u00a72 Vertragsschluss<\/strong><br>(1) Die in meinem&nbsp;Online-Shop pr\u00e4sentierten Warenangebote sind freibleibend und keine Angebote im Rechtssinne. Sie stellen lediglich eine Aufforderung zur Abgabe eines Angebotes dar. Durch Anklicken des Buttons \u201eIn den Warenkorb\u201c kann der Kunde die jeweiligen Ware in den virtuellen Warenkorb legen. Dieser Vorgang ist unverbindlich und stellt kein Vertragsangebot dar. Vor Abgabe einer Bestellung wird der Inhalt einer Bestellung einschlie\u00dflich der Kundendaten auf einer \u00dcbersichtsseite zusammengefasst. Der Kunde kann dort s\u00e4mtliche Bestelldaten \u00fcber die vorgesehenen \u00c4nderungsfelder korrigieren. Mit dem Anklicken des Feldes \u201eBestellung absenden\u201c gibt der Kunde ein verbindliches Angebot an uns zum Abschluss eines Kaufvertrages ab. &nbsp;Ein Vertrag kommt erst durch Absendung der Ware zustande.<\/p>\n\n\n\n<p>(2) Der Kunde versichert, dass alle von Ihm bei der Bestellung bzw. Registrierung im Online-Shop get\u00e4tigten Angaben (z.B. Name, Adresse, E-Mail-Adresse, Bankverbindung etc.) wahrheitsgem\u00e4\u00df sind. \u00c4nderungen sind uns unverz\u00fcglich mitzuteilen.<\/p>\n\n\n\n<p>(3) Vertragssprache ist ausschlie\u00dflich Deutsch.<\/p>\n\n\n\n<p><strong>\u00a73 Preise, Versandkosten<\/strong><br>(1) Die auf unseren Internetseiten genannten Preise enthalten die gesetzliche Umsatzsteuer.<\/p>\n\n\n\n<p>(2) Der Versand erfolgt mit&nbsp;DHL bzw. der Deutschen Post.<\/p>\n\n\n\n<p><strong>\u00a74 Zahlung<\/strong><br>(1) Die Zahlung erfolgt grunds\u00e4tzlich per PayPal.<\/p>\n\n\n\n<p>(2) W\u00e4hrend des Zahlungsverzuges des Kunden sind wir berechtigt, Verzugszinsen in H\u00f6he von 5 Prozentpunkten \u00fcber dem Basiszinssatz (\u00a7 247 BGB) per annum zu Verlangen. Den Nachweis eines h\u00f6heren Schadens behalten wir uns vor.<\/p>\n\n\n\n<p>(3) Bei Zahlungsverzug des Kunden oder sonst offenbar werdender Kreditunw\u00fcrdigkeit werden alle weiteren Forderungen gegen den Kunden sofort f\u00e4llig.<\/p>\n\n\n\n<p>(4) Aufrechnungsrechte stehen dem Kunden nur mit von uns unbestrittenen oder rechtskr\u00e4ftig gegen uns festgestellten Forderungen zu. Zur Aus\u00fcbung eines Zur\u00fcckbehaltungsrechts ist der Kunde nur insoweit befugt, als sein Gegenanspruch auf dem gleichen Vertragsverh\u00e4ltnis beruht.<\/p>\n\n\n\n<p><strong>\u00a75 Lieferung<\/strong><br>(1) Ich bin&nbsp;in dem Kunden zumutbaren Umfang zu Teillieferungen berechtigt.<\/p>\n\n\n\n<p>(2) Der Versand der vorbestellten Artikel erfolgt ab dem angegeben Versanddatum.<\/p>\n\n\n\n<p><strong>\u00a76 Eigentumsvorbehalt<\/strong><br>(1) Die gelieferte Ware bleibt bis zu ihrer vollst\u00e4ndigen Bezahlung mein&nbsp;Eigentum.<\/p>\n\n\n\n<p>(2) Zugriffe Dritter auf die Vorbehaltsware hat mir&nbsp;der Kunde unverz\u00fcglich nach Bekanntwerden mitzuteilen. Der Kunde haftet f\u00fcr alle Kosten, die f\u00fcr die Aufhebung solcher Zugriffe anfallen, insbesondere durch Erhebung der Drittwiderspruchsklage, soweit die Erstattung der Kosten nicht von dem betreffenden Dritten zu erlangen ist.<\/p>\n\n\n\n<p><strong>\u00a77 M\u00e4ngelrechte<\/strong><br>(1) Bei einem Sachmangel der Kaufsache gelten grunds\u00e4tzlich die gesetzlichen Vorschriften. Dies bedeutet, dass der Kunde in erster Linie Nacherf\u00fcllung, das hei\u00dft nach seiner Wahl Nachlieferung oder Mangelbeseitigung verlangen kann. Bei Vorliegen der weiteren gesetzlichen Voraussetzungen ist der Kunde berechtigt, den Kaufpreis zu mindern, oder von dem Vertrag zur\u00fcckzutreten. F\u00fcr Schadensersatzanspr\u00fcche wegen eines Mangels der Ware gelten \u2013 zus\u00e4tzlich zu den gesetzlichen Voraussetzungen \u2013 die in \u00a7 9 genannten Voraussetzungen.<\/p>\n\n\n\n<p>(2) S\u00e4mtliche M\u00e4ngelanspr\u00fcche verj\u00e4hren in zwei Jahren ab \u00dcbergabe.<\/p>\n\n\n\n<p><strong>\u00a78 Schadensersatzhaftung<\/strong><br>F\u00fcr eine Haftung von mir&nbsp;auf Schadensersatz gelten unbeschadet der sonstigen gesetzlichen Anspruchsvoraussetzungen die folgenden Haftungsausschl\u00fcsse und \u2013begrenzungen.<\/p>\n\n\n\n<p>(1) Ich&nbsp;hafte, sofern mir&nbsp;Vorsatz oder grobe Fahrl\u00e4ssigkeit zur Last f\u00e4llt. F\u00fcr einfache Fahrl\u00e4ssigkeit hafte&nbsp;ich&nbsp;nur bei Verletzung einer Pflicht, deren Erf\u00fcllung die ordnungsgem\u00e4\u00dfe Durchf\u00fchrung des Vertrags \u00fcberhaupt erst erm\u00f6glicht und auf deren Einhaltung der Vertragspartner regelm\u00e4\u00dfig vertrauen darf (sogenannte Kardinalspflicht). Im \u00dcbrigen ist eine Schadensersatzhaftung f\u00fcr Sch\u00e4den aller Art gleich auf Grund welcher Anspruchsgrundlage, einschlie\u00dflich der Haftung f\u00fcr Verschulden bei Vertragsschlu\u00df ausgeschlossen.<\/p>\n\n\n\n<p>(2) Sofern ich&nbsp;gem\u00e4\u00df Absatz 1 f\u00fcr einfache Fahrl\u00e4ssigkeit hafte, ist meine&nbsp;Haftung auf den Schaden begrenzt, mit dessen Entstehen wir nach den bei Vertragsschluss bekannten Umst\u00e4nden typischerweise rechnen mussten.<\/p>\n\n\n\n<p>(3) Vorstehende Haftungsausschl\u00fcsse und \u2013begrenzungen gelten weder, wenn ich&nbsp;eine Garantie f\u00fcr die Beschaffenheit der Ware \u00fcbernommen habe, noch f\u00fcr Sch\u00e4den, die nach dem Produkthaftungsgesetz zu ersetzen sind, noch f\u00fcr Sch\u00e4den an Leben, K\u00f6rper oder Gesundheit, noch f\u00fcr gesetzliche Anspr\u00fcche.<\/p>\n\n\n\n<p>(4) Vorstehende Haftungsausschl\u00fcsse und -begrenzungen gelten auch zu Gunsten unserer Erf\u00fcllungsgehilfen und sonstiger Dritter, deren wir uns zur Vertragserf\u00fcllung bedienen.<\/p>\n\n\n\n<p><strong>\u00a79 Datenschutz<\/strong><br>(1) Ich&nbsp;erhebe und speichere die f\u00fcr die Gesch\u00e4ftsabwicklung notwendigen Daten des Kunden. Bei der Verarbeitung der personenbezogenen Daten des Kunden beachte ich die gesetzlichen Bestimmungen. N\u00e4here Einzelheiten ergeben sich aus der in unserem Online-Angebot abrufbaren Datenschutzerkl\u00e4rung.<\/p>\n\n\n\n<p>(2) Der Kunde erh\u00e4lt auf Anforderung jederzeit Auskunft \u00fcber die zu seiner Person gespeicherten Daten.<\/p>\n\n\n\n<p><strong>\u00a710 Urheberrechte<\/strong><br>Ich&nbsp;weise darauf hin, dass s\u00e4mtliche Abbildungen und Fotos auf meiner&nbsp;Website urheberrechtlich gesch\u00fctzt sind. Bitte haben Sie Verst\u00e4ndnis, dass Missbrauch verfolgt werden kann.<\/p>\n\n\n\n<p><strong>\u00a711 Anwendbares Recht<\/strong><br>F\u00fcr diese Gesch\u00e4ftsbedingungen und die gesamten Rechtsbeziehungen zwischen uns und unserem Vertragspartner gilt das Recht der Bundesrepublik Deutschland unter Ausschluss des UN-Kaufrechts (CISG).<\/p>\n\n\n\n<p><strong>\u00a712 Schlussbestimmungen<\/strong><br>(1) Dieser Vertrag enth\u00e4lt alle zwischen den Parteien \u00fcber den Vertragsgegenstand getroffenen Vereinbarungen. Nebenabreden bestehen nicht.<\/p>\n\n\n\n<p>(2) Sollten einzelne Bestimmungen dieses Vertrages unwirksam oder undurchf\u00fchrbar sein, soll die Wirksamkeit der \u00fcbrigen Bestimmungen dadurch nicht ber\u00fchrt werden. Die unwirksame oder undurchf\u00fchrbare Bestimmung soll durch diejenige wirksame bzw. durchf\u00fchrbare Bestimmung ersetzt werden, die der unwirksamen oder undurchf\u00fchrbaren Bestimmung am n\u00e4chsten kommt.<\/p>\n\n\n\n<p><strong>\u00a7 13 Anbieterkennzeichnung<\/strong><br>Meine&nbsp;Anschrift f\u00fcr Beanstandungen und sonstige Willenserkl\u00e4rungen lautet:<\/p>\n\n\n\n<p>Anna Logue Fotografie, Eichendorffstr. 16-18, 68167 Mannheim<\/p>\n","protected":false},"excerpt":{"rendered":"<p>\u00a71 Geltungsbereich Die nachstehenden Gesch\u00e4ftsbedingungen gelten f\u00fcr alle Vertr\u00e4ge, die ich&nbsp;mit Verbrauchern im Rahmen meines&nbsp;elektronischen Bestelldienstes schlie\u00dfen. Verbraucher ist, wer den Vertrag zu einem Zweck abschlie\u00dft, der nicht seiner gewerblichen T\u00e4tigkeit zugerechnet werden kann. \u00a72 Vertragsschluss(1) Die in meinem&nbsp;Online-Shop pr\u00e4sentierten Warenangebote sind freibleibend und keine Angebote im Rechtssinne. Sie stellen lediglich eine Aufforderung zur Abgabe&hellip;<\/p>\n","protected":false},"author":1,"featured_media":0,"parent":0,"menu_order":0,"comment_status":"closed","ping_status":"closed","template":"","meta":{"footnotes":""},"class_list":["post-50","page","type-page","status-publish","hentry"],"_links":{"self":[{"href":"https:\/\/annalogue.de\/shop\/wp-json\/wp\/v2\/pages\/50","targetHints":{"allow":["GET"]}}],"collection":[{"href":"https:\/\/annalogue.de\/shop\/wp-json\/wp\/v2\/pages"}],"about":[{"href":"https:\/\/annalogue.de\/shop\/wp-json\/wp\/v2\/types\/page"}],"author":[{"embeddable":true,"href":"https:\/\/annalogue.de\/shop\/wp-json\/wp\/v2\/users\/1"}],"replies":[{"embeddable":true,"href":"https:\/\/annalogue.de\/shop\/wp-json\/wp\/v2\/comments?post=50"}],"version-history":[{"count":1,"href":"https:\/\/annalogue.de\/shop\/wp-json\/wp\/v2\/pages\/50\/revisions"}],"predecessor-version":[{"id":51,"href":"https:\/\/annalogue.de\/shop\/wp-json\/wp\/v2\/pages\/50\/revisions\/51"}],"wp:attachment":[{"href":"https:\/\/annalogue.de\/shop\/wp-json\/wp\/v2\/media?parent=50"}],"curies":[{"name":"wp","href":"https:\/\/api.w.org\/{rel}","templated":true}]}}